{"id":1159,"date":"2019-09-02T08:10:40","date_gmt":"2019-09-02T06:10:40","guid":{"rendered":"http:\/\/mspmontalieu.fr\/?page_id=1159"},"modified":"2023-03-14T10:35:35","modified_gmt":"2023-03-14T09:35:35","slug":"nous-contacter","status":"publish","type":"page","link":"https:\/\/mspmontalieu.fr\/?page_id=1159","title":{"rendered":"Nous contacter"},"content":{"rendered":"\t\t<div data-elementor-type=\"wp-page\" data-elementor-id=\"1159\" class=\"elementor elementor-1159\">\n\t\t\t\t\t\t<section class=\"elementor-section elementor-top-section elementor-element elementor-element-305ff19 ov-h elementor-section-boxed elementor-section-height-default elementor-section-height-default\" data-id=\"305ff19\" data-element_type=\"section\" data-e-type=\"section\" data-settings=\"{&quot;background_background&quot;:&quot;classic&quot;}\">\n\t\t\t\t\t\t<div class=\"elementor-container elementor-column-gap-default\">\n\t\t\t\t\t<div class=\"elementor-column elementor-col-100 elementor-top-column elementor-element elementor-element-b9b7b00\" data-id=\"b9b7b00\" data-element_type=\"column\" data-e-type=\"column\">\n\t\t\t<div class=\"elementor-widget-wrap elementor-element-populated\">\n\t\t\t\t\t\t<section class=\"elementor-section elementor-inner-section elementor-element elementor-element-f053f12 elementor-section-boxed elementor-section-height-default elementor-section-height-default\" data-id=\"f053f12\" data-element_type=\"section\" data-e-type=\"section\">\n\t\t\t\t\t\t<div class=\"elementor-container elementor-column-gap-default\">\n\t\t\t\t\t<div class=\"elementor-column elementor-col-50 elementor-inner-column elementor-element elementor-element-be41480 elementor-invisible\" data-id=\"be41480\" data-element_type=\"column\" data-e-type=\"column\" data-settings=\"{&quot;animation&quot;:&quot;fadeInUp&quot;,&quot;animation_delay&quot;:600}\">\n\t\t\t<div class=\"elementor-widget-wrap elementor-element-populated\">\n\t\t\t\t\t\t<div class=\"elementor-element elementor-element-bebecd4 elementor-view-default elementor-widget elementor-widget-icon\" data-id=\"bebecd4\" data-element_type=\"widget\" data-e-type=\"widget\" data-widget_type=\"icon.default\">\n\t\t\t\t<div class=\"elementor-widget-container\">\n\t\t\t\t\t\t\t<div class=\"elementor-icon-wrapper\">\n\t\t\t<div class=\"elementor-icon\">\n\t\t\t<i aria-hidden=\"true\" class=\"far fa-clock\"><\/i>\t\t\t<\/div>\n\t\t<\/div>\n\t\t\t\t\t\t<\/div>\n\t\t\t\t<\/div>\n\t\t\t\t<div class=\"elementor-element elementor-element-22d1a04 elementor-widget elementor-widget-heading\" data-id=\"22d1a04\" data-element_type=\"widget\" data-e-type=\"widget\" data-widget_type=\"heading.default\">\n\t\t\t\t<div class=\"elementor-widget-container\">\n\t\t\t\t\t<h2 class=\"elementor-heading-title elementor-size-default\">Horaires d'ouverture<\/h2>\t\t\t\t<\/div>\n\t\t\t\t<\/div>\n\t\t\t\t<div class=\"elementor-element elementor-element-96b1381 reset_p link_color_inherit elementor-widget elementor-widget-text-editor\" data-id=\"96b1381\" data-element_type=\"widget\" data-e-type=\"widget\" data-widget_type=\"text-editor.default\">\n\t\t\t\t<div class=\"elementor-widget-container\">\n\t\t\t\t\t\t\t\t\t<p>Lundi \u00e0 Vendredi : 7h30 &#8211; 12h30 \/ 14h &#8211; 20h<br \/>Samedi : 8H &#8211; 12h<br \/>Dimanche : Ferm\u00e9<\/p>\t\t\t\t\t\t\t\t<\/div>\n\t\t\t\t<\/div>\n\t\t\t\t\t<\/div>\n\t\t<\/div>\n\t\t\t\t<div class=\"elementor-column elementor-col-50 elementor-inner-column elementor-element elementor-element-d7507f8 elementor-invisible\" data-id=\"d7507f8\" data-element_type=\"column\" data-e-type=\"column\" data-settings=\"{&quot;animation&quot;:&quot;fadeInUp&quot;,&quot;animation_delay&quot;:200}\">\n\t\t\t<div class=\"elementor-widget-wrap elementor-element-populated\">\n\t\t\t\t\t\t<div class=\"elementor-element elementor-element-82d3954 elementor-view-default elementor-widget elementor-widget-icon\" data-id=\"82d3954\" data-element_type=\"widget\" data-e-type=\"widget\" data-widget_type=\"icon.default\">\n\t\t\t\t<div class=\"elementor-widget-container\">\n\t\t\t\t\t\t\t<div class=\"elementor-icon-wrapper\">\n\t\t\t<div class=\"elementor-icon\">\n\t\t\t<i aria-hidden=\"true\" class=\"fas fa-map-marked-alt\"><\/i>\t\t\t<\/div>\n\t\t<\/div>\n\t\t\t\t\t\t<\/div>\n\t\t\t\t<\/div>\n\t\t\t\t<div class=\"elementor-element elementor-element-091ae1b elementor-widget elementor-widget-heading\" data-id=\"091ae1b\" data-element_type=\"widget\" data-e-type=\"widget\" data-widget_type=\"heading.default\">\n\t\t\t\t<div class=\"elementor-widget-container\">\n\t\t\t\t\t<h2 class=\"elementor-heading-title elementor-size-default\">Adresse<\/h2>\t\t\t\t<\/div>\n\t\t\t\t<\/div>\n\t\t\t\t<div class=\"elementor-element elementor-element-b602afe reset_p link_color_inherit elementor-widget elementor-widget-text-editor\" data-id=\"b602afe\" data-element_type=\"widget\" data-e-type=\"widget\" data-widget_type=\"text-editor.default\">\n\t\t\t\t<div class=\"elementor-widget-container\">\n\t\t\t\t\t\t\t\t\t<p>1, all\u00e9e du Parc<br \/>38390 Montalieu-Vercieu<\/p>\t\t\t\t\t\t\t\t<\/div>\n\t\t\t\t<\/div>\n\t\t\t\t\t<\/div>\n\t\t<\/div>\n\t\t\t\t\t<\/div>\n\t\t<\/section>\n\t\t\t\t\t<\/div>\n\t\t<\/div>\n\t\t\t\t\t<\/div>\n\t\t<\/section>\n\t\t\t\t<section class=\"elementor-section elementor-top-section elementor-element elementor-element-9b37710 elementor-section-full_width elementor-section-height-default elementor-section-height-default\" data-id=\"9b37710\" data-element_type=\"section\" data-e-type=\"section\">\n\t\t\t\t\t\t<div class=\"elementor-container elementor-column-gap-no\">\n\t\t\t\t\t<div class=\"elementor-column elementor-col-100 elementor-top-column elementor-element elementor-element-51b2dbd\" data-id=\"51b2dbd\" data-element_type=\"column\" data-e-type=\"column\">\n\t\t\t<div class=\"elementor-widget-wrap elementor-element-populated\">\n\t\t\t\t\t\t<div class=\"elementor-element elementor-element-f16c307 elementor-widget elementor-widget-google_maps\" data-id=\"f16c307\" data-element_type=\"widget\" data-e-type=\"widget\" data-widget_type=\"google_maps.default\">\n\t\t\t\t<div class=\"elementor-widget-container\">\n\t\t\t\t\t\t\t<div class=\"elementor-custom-embed\">\n\t\t\t<iframe loading=\"lazy\"\n\t\t\t\t\tsrc=\"https:\/\/maps.google.com\/maps?q=45.81381642507298%2C%205.4044447245278295&#038;t=m&#038;z=17&#038;output=embed&#038;iwloc=near\"\n\t\t\t\t\ttitle=\"45.81381642507298, 5.4044447245278295\"\n\t\t\t\t\taria-label=\"45.81381642507298, 5.4044447245278295\"\n\t\t\t><\/iframe>\n\t\t<\/div>\n\t\t\t\t\t\t<\/div>\n\t\t\t\t<\/div>\n\t\t\t\t\t<\/div>\n\t\t<\/div>\n\t\t\t\t\t<\/div>\n\t\t<\/section>\n\t\t\t\t<\/div>\n\t\t","protected":false},"excerpt":{"rendered":"<p>Horaires d&rsquo;ouverture Lundi \u00e0 Vendredi : 7h30 &#8211; 12h30 \/ 14h &#8211; 20hSamedi : 8H &#8211; 12hDimanche : Ferm\u00e9 Adresse 1, all\u00e9e du Parc38390 Montalieu-Vercieu<\/p>\n","protected":false},"author":1,"featured_media":4567,"parent":0,"menu_order":0,"comment_status":"closed","ping_status":"closed","template":"template\/template-page.php","meta":{"footnotes":""},"class_list":["post-1159","page","type-page","status-publish","has-post-thumbnail","hentry"],"yoast_head":"<!-- This site is optimized with the Yoast SEO plugin v27.2 - https:\/\/yoast.com\/product\/yoast-seo-wordpress\/ -->\n<title>Nous contacter - MSP Montalieu-Vercieu<\/title>\n<meta name=\"description\" content=\"La maison de sant\u00e9 est ouverte du lundi au vendredi de 7h30 \u00e0 20h et le samedi de 8h \u00e0 12h. Elle est situ\u00e9e au 12 rue du Besset 38390 Montalieu-Vercieu.\" \/>\n<meta name=\"robots\" content=\"index, follow, max-snippet:-1, max-image-preview:large, max-video-preview:-1\" \/>\n<link rel=\"canonical\" href=\"https:\/\/mspmontalieu.fr\/?page_id=1159\" \/>\n<meta property=\"og:locale\" content=\"fr_FR\" \/>\n<meta property=\"og:type\" content=\"article\" \/>\n<meta property=\"og:title\" content=\"Nous contacter - MSP Montalieu-Vercieu\" \/>\n<meta property=\"og:description\" content=\"La maison de sant\u00e9 est ouverte du lundi au vendredi de 7h30 \u00e0 20h et le samedi de 8h \u00e0 12h. Elle est situ\u00e9e au 12 rue du Besset 38390 Montalieu-Vercieu.\" \/>\n<meta property=\"og:url\" content=\"https:\/\/mspmontalieu.fr\/?page_id=1159\" \/>\n<meta property=\"og:site_name\" content=\"MSP Montalieu-Vercieu\" \/>\n<meta property=\"article:modified_time\" content=\"2023-03-14T09:35:35+00:00\" \/>\n<meta property=\"og:image\" content=\"https:\/\/mspmontalieu.fr\/wp-content\/uploads\/2020\/04\/maison_de_sante\u0301_10.png\" \/>\n\t<meta property=\"og:image:width\" content=\"1200\" \/>\n\t<meta property=\"og:image:height\" content=\"800\" \/>\n\t<meta property=\"og:image:type\" content=\"image\/png\" \/>\n<meta name=\"twitter:card\" content=\"summary_large_image\" \/>\n<script type=\"application\/ld+json\" class=\"yoast-schema-graph\">{\"@context\":\"https:\/\/schema.org\",\"@graph\":[{\"@type\":\"WebPage\",\"@id\":\"https:\/\/mspmontalieu.fr\/?page_id=1159\",\"url\":\"https:\/\/mspmontalieu.fr\/?page_id=1159\",\"name\":\"Nous contacter - MSP Montalieu-Vercieu\",\"isPartOf\":{\"@id\":\"https:\/\/mspmontalieu.fr\/#website\"},\"primaryImageOfPage\":{\"@id\":\"https:\/\/mspmontalieu.fr\/?page_id=1159#primaryimage\"},\"image\":{\"@id\":\"https:\/\/mspmontalieu.fr\/?page_id=1159#primaryimage\"},\"thumbnailUrl\":\"https:\/\/mspmontalieu.fr\/wp-content\/uploads\/2020\/04\/maison_de_sante\u0301_10.png\",\"datePublished\":\"2019-09-02T06:10:40+00:00\",\"dateModified\":\"2023-03-14T09:35:35+00:00\",\"description\":\"La maison de sant\u00e9 est ouverte du lundi au vendredi de 7h30 \u00e0 20h et le samedi de 8h \u00e0 12h. Elle est situ\u00e9e au 12 rue du Besset 38390 Montalieu-Vercieu.\",\"breadcrumb\":{\"@id\":\"https:\/\/mspmontalieu.fr\/?page_id=1159#breadcrumb\"},\"inLanguage\":\"fr-FR\",\"potentialAction\":[{\"@type\":\"ReadAction\",\"target\":[\"https:\/\/mspmontalieu.fr\/?page_id=1159\"]}]},{\"@type\":\"ImageObject\",\"inLanguage\":\"fr-FR\",\"@id\":\"https:\/\/mspmontalieu.fr\/?page_id=1159#primaryimage\",\"url\":\"https:\/\/mspmontalieu.fr\/wp-content\/uploads\/2020\/04\/maison_de_sante\u0301_10.png\",\"contentUrl\":\"https:\/\/mspmontalieu.fr\/wp-content\/uploads\/2020\/04\/maison_de_sante\u0301_10.png\",\"width\":1200,\"height\":800},{\"@type\":\"BreadcrumbList\",\"@id\":\"https:\/\/mspmontalieu.fr\/?page_id=1159#breadcrumb\",\"itemListElement\":[{\"@type\":\"ListItem\",\"position\":1,\"name\":\"Home\",\"item\":\"https:\/\/mspmontalieu.fr\/\"},{\"@type\":\"ListItem\",\"position\":2,\"name\":\"Nous contacter\"}]},{\"@type\":\"WebSite\",\"@id\":\"https:\/\/mspmontalieu.fr\/#website\",\"url\":\"https:\/\/mspmontalieu.fr\/\",\"name\":\"MSP Montalieu-Vercieu\",\"description\":\"Maison de sant\u00e9 de Montalieu-Vercieu\",\"potentialAction\":[{\"@type\":\"SearchAction\",\"target\":{\"@type\":\"EntryPoint\",\"urlTemplate\":\"https:\/\/mspmontalieu.fr\/?s={search_term_string}\"},\"query-input\":{\"@type\":\"PropertyValueSpecification\",\"valueRequired\":true,\"valueName\":\"search_term_string\"}}],\"inLanguage\":\"fr-FR\"}]}<\/script>\n<!-- \/ Yoast SEO plugin. -->","yoast_head_json":{"title":"Nous contacter - MSP Montalieu-Vercieu","description":"La maison de sant\u00e9 est ouverte du lundi au vendredi de 7h30 \u00e0 20h et le samedi de 8h \u00e0 12h. Elle est situ\u00e9e au 12 rue du Besset 38390 Montalieu-Vercieu.","robots":{"index":"index","follow":"follow","max-snippet":"max-snippet:-1","max-image-preview":"max-image-preview:large","max-video-preview":"max-video-preview:-1"},"canonical":"https:\/\/mspmontalieu.fr\/?page_id=1159","og_locale":"fr_FR","og_type":"article","og_title":"Nous contacter - MSP Montalieu-Vercieu","og_description":"La maison de sant\u00e9 est ouverte du lundi au vendredi de 7h30 \u00e0 20h et le samedi de 8h \u00e0 12h. Elle est situ\u00e9e au 12 rue du Besset 38390 Montalieu-Vercieu.","og_url":"https:\/\/mspmontalieu.fr\/?page_id=1159","og_site_name":"MSP Montalieu-Vercieu","article_modified_time":"2023-03-14T09:35:35+00:00","og_image":[{"width":1200,"height":800,"url":"https:\/\/mspmontalieu.fr\/wp-content\/uploads\/2020\/04\/maison_de_sante\u0301_10.png","type":"image\/png"}],"twitter_card":"summary_large_image","schema":{"@context":"https:\/\/schema.org","@graph":[{"@type":"WebPage","@id":"https:\/\/mspmontalieu.fr\/?page_id=1159","url":"https:\/\/mspmontalieu.fr\/?page_id=1159","name":"Nous contacter - MSP Montalieu-Vercieu","isPartOf":{"@id":"https:\/\/mspmontalieu.fr\/#website"},"primaryImageOfPage":{"@id":"https:\/\/mspmontalieu.fr\/?page_id=1159#primaryimage"},"image":{"@id":"https:\/\/mspmontalieu.fr\/?page_id=1159#primaryimage"},"thumbnailUrl":"https:\/\/mspmontalieu.fr\/wp-content\/uploads\/2020\/04\/maison_de_sante\u0301_10.png","datePublished":"2019-09-02T06:10:40+00:00","dateModified":"2023-03-14T09:35:35+00:00","description":"La maison de sant\u00e9 est ouverte du lundi au vendredi de 7h30 \u00e0 20h et le samedi de 8h \u00e0 12h. Elle est situ\u00e9e au 12 rue du Besset 38390 Montalieu-Vercieu.","breadcrumb":{"@id":"https:\/\/mspmontalieu.fr\/?page_id=1159#breadcrumb"},"inLanguage":"fr-FR","potentialAction":[{"@type":"ReadAction","target":["https:\/\/mspmontalieu.fr\/?page_id=1159"]}]},{"@type":"ImageObject","inLanguage":"fr-FR","@id":"https:\/\/mspmontalieu.fr\/?page_id=1159#primaryimage","url":"https:\/\/mspmontalieu.fr\/wp-content\/uploads\/2020\/04\/maison_de_sante\u0301_10.png","contentUrl":"https:\/\/mspmontalieu.fr\/wp-content\/uploads\/2020\/04\/maison_de_sante\u0301_10.png","width":1200,"height":800},{"@type":"BreadcrumbList","@id":"https:\/\/mspmontalieu.fr\/?page_id=1159#breadcrumb","itemListElement":[{"@type":"ListItem","position":1,"name":"Home","item":"https:\/\/mspmontalieu.fr\/"},{"@type":"ListItem","position":2,"name":"Nous contacter"}]},{"@type":"WebSite","@id":"https:\/\/mspmontalieu.fr\/#website","url":"https:\/\/mspmontalieu.fr\/","name":"MSP Montalieu-Vercieu","description":"Maison de sant\u00e9 de Montalieu-Vercieu","potentialAction":[{"@type":"SearchAction","target":{"@type":"EntryPoint","urlTemplate":"https:\/\/mspmontalieu.fr\/?s={search_term_string}"},"query-input":{"@type":"PropertyValueSpecification","valueRequired":true,"valueName":"search_term_string"}}],"inLanguage":"fr-FR"}]}},"_links":{"self":[{"href":"https:\/\/mspmontalieu.fr\/index.php?rest_route=\/wp\/v2\/pages\/1159","targetHints":{"allow":["GET"]}}],"collection":[{"href":"https:\/\/mspmontalieu.fr\/index.php?rest_route=\/wp\/v2\/pages"}],"about":[{"href":"https:\/\/mspmontalieu.fr\/index.php?rest_route=\/wp\/v2\/types\/page"}],"author":[{"embeddable":true,"href":"https:\/\/mspmontalieu.fr\/index.php?rest_route=\/wp\/v2\/users\/1"}],"replies":[{"embeddable":true,"href":"https:\/\/mspmontalieu.fr\/index.php?rest_route=%2Fwp%2Fv2%2Fcomments&post=1159"}],"version-history":[{"count":16,"href":"https:\/\/mspmontalieu.fr\/index.php?rest_route=\/wp\/v2\/pages\/1159\/revisions"}],"predecessor-version":[{"id":5170,"href":"https:\/\/mspmontalieu.fr\/index.php?rest_route=\/wp\/v2\/pages\/1159\/revisions\/5170"}],"wp:featuredmedia":[{"embeddable":true,"href":"https:\/\/mspmontalieu.fr\/index.php?rest_route=\/wp\/v2\/media\/4567"}],"wp:attachment":[{"href":"https:\/\/mspmontalieu.fr\/index.php?rest_route=%2Fwp%2Fv2%2Fmedia&parent=1159"}],"curies":[{"name":"wp","href":"https:\/\/api.w.org\/{rel}","templated":true}]}}